{"id":990,"date":"2026-01-15T16:09:47","date_gmt":"2026-01-15T15:09:47","guid":{"rendered":"https:\/\/staging.cromtb.s2internal.com\/?page_id=990"},"modified":"2026-03-10T12:50:28","modified_gmt":"2026-03-10T11:50:28","slug":"clanstvo","status":"publish","type":"page","link":"https:\/\/bkcromtb.hr\/en\/clanstvo\/","title":{"rendered":"\u010clanstvo u CRO MTB Teamu"},"content":{"rendered":"<div data-elementor-type=\"wp-page\" data-elementor-id=\"990\" class=\"elementor elementor-990\">\n\t\t\t\t<div class=\"elementor-element elementor-element-49c5bfd e-con-full e-flex e-con e-parent\" data-id=\"49c5bfd\" data-element_type=\"container\" data-e-type=\"container\" data-settings=\"{&quot;background_background&quot;:&quot;classic&quot;}\">\n\t\t<div class=\"elementor-element elementor-element-ec5dccc e-flex e-con-boxed e-con e-child\" data-id=\"ec5dccc\" data-element_type=\"container\" data-e-type=\"container\">\n\t\t\t\t\t<div class=\"e-con-inner\">\n\t\t\t\t<div class=\"elementor-element elementor-element-dde08c2 elementor-widget elementor-widget-text-editor\" data-id=\"dde08c2\" data-element_type=\"widget\" data-e-type=\"widget\" data-widget_type=\"text-editor.default\">\n\t\t\t\t\t\t\t\t\t<p data-start=\"576\" data-end=\"604\"><strong data-start=\"576\" data-end=\"604\">Become Part of CRO MTB Team<\/strong><\/p>\t\t\t\t\t\t\t\t<\/div>\n\t\t\t\t<div class=\"elementor-element elementor-element-2d429b0 elementor-widget elementor-widget-zapedah-title\" data-id=\"2d429b0\" data-element_type=\"widget\" data-e-type=\"widget\" data-widget_type=\"zapedah-title.default\">\n\t\t\t\t<div class=\"elementor-widget-container\">\n\t\t\t\t\t<h1 class=\"content-title\">\u010clanstvo u <br>CRO MTB Teamu<span>.<\/span><\/h1>\t\t\t\t<\/div>\n\t\t\t\t<\/div>\n\t\t\t\t\t<\/div>\n\t\t\t\t<\/div>\n\t\t\t\t<\/div>\n\t\t<div class=\"elementor-element elementor-element-be74ab7 e-flex e-con-boxed e-con e-parent\" data-id=\"be74ab7\" data-element_type=\"container\" data-e-type=\"container\">\n\t\t\t\t\t<div class=\"e-con-inner\">\n\t\t<div class=\"elementor-element elementor-element-fc04255 e-con-full e-flex e-con e-child\" data-id=\"fc04255\" data-element_type=\"container\" data-e-type=\"container\">\n\t\t\t\t<div class=\"elementor-element elementor-element-cdec3f2 elementor-widget elementor-widget-zapedah-text-line\" data-id=\"cdec3f2\" data-element_type=\"widget\" data-e-type=\"widget\" data-widget_type=\"zapedah-text-line.default\">\n\t\t\t\t<div class=\"elementor-widget-container\">\n\t\t\t\t\t\r\n<div class=\"text-wline\">\r\n    <div class=\"wline-outer\">\r\n        <div class=\"text-wline-inner\">\r\n        <\/div>\r\n    <\/div>\r\n\r\n    \r\n    <h3 class=\"icon-title\"><\/h3>\r\n\r\n    <div class=\"zapedah-line clearfix\"><\/div>\r\n\r\n        <div class=\"icon-text\"><p>CRO MTB Team brings together children, youth, and adults who want to train, compete, or enjoy mountain biking recreationally.<br data-start=\"760\" data-end=\"763\" \/>By filling out the form, you are expressing your interest in membership, and our team will contact you with further information.<\/p>    <\/div>\r\n    \r\n\r\n\r\n    \r\n    <a class=\"content-btn\" href=\"https:\/\/forms.gle\/oZdzytVhmGGvmRXu8\" target=\"_blank\" rel=\"noopener\">\r\n\r\n        \r\n        FILL OUT THE MEMBERSHIP APPLICATION    <\/a>\r\n    \r\n<\/div>\r\n<!--\/.box-small-icon-->\r\n\r\n\r\n\r\n\t\t\t\t<\/div>\n\t\t\t\t<\/div>\n\t\t\t\t<div class=\"elementor-element elementor-element-aa19983 elementor-widget elementor-widget-zapedah-text-line\" data-id=\"aa19983\" data-element_type=\"widget\" data-e-type=\"widget\" data-widget_type=\"zapedah-text-line.default\">\n\t\t\t\t<div class=\"elementor-widget-container\">\n\t\t\t\t\t\r\n<div class=\"text-wline\">\r\n    <div class=\"wline-outer\">\r\n        <div class=\"text-wline-inner\">\r\n        <\/div>\r\n    <\/div>\r\n\r\n    \r\n    <h3 class=\"icon-title\"><\/h3>\r\n\r\n    <div class=\"zapedah-line clearfix\"><\/div>\r\n\r\n        <div class=\"icon-text\"><p><em>CRO MTB Team je mountain bike klub iz Zagreba koji okuplja djecu, mlade i odrasle kroz treninge, natjecanja i rekreativne MTB vo\u017enje.<\/em><\/p>    <\/div>\r\n    \r\n\r\n\r\n    \r\n<\/div>\r\n<!--\/.box-small-icon-->\r\n\r\n\r\n\r\n\t\t\t\t<\/div>\n\t\t\t\t<\/div>\n\t\t\t\t<\/div>\n\t\t\t\t\t<\/div>\n\t\t\t\t<\/div>\n\t\t\t\t<\/div>","protected":false},"excerpt":{"rendered":"<p>Postani dio CRO MTB tima \u010clanstvo u CRO MTB Teamu. CRO MTB Team okuplja djecu, mlade i odrasle koji \u017eele trenirati, natjecati se ili rekreativno u\u017eivati u brdskom biciklizmu.Ispunjavanjem obrasca prijavljuje\u0161 interes za \u010dlanstvo, a na\u0161 tim \u0107e te kontaktirati s daljnjim informacijama. ISPUNI PRIJAVU ZA \u010cLANSTVO CRO MTB Team je mountain bike klub iz Zagreba koji okuplja djecu, mlade &hellip;<\/p>","protected":false},"author":1,"featured_media":1339,"parent":0,"menu_order":0,"comment_status":"closed","ping_status":"closed","template":"blank-builder.php","meta":{"footnotes":""},"class_list":["post-990","page","type-page","status-publish","has-post-thumbnail","hentry"],"_links":{"self":[{"href":"https:\/\/bkcromtb.hr\/en\/wp-json\/wp\/v2\/pages\/990","targetHints":{"allow":["GET"]}}],"collection":[{"href":"https:\/\/bkcromtb.hr\/en\/wp-json\/wp\/v2\/pages"}],"about":[{"href":"https:\/\/bkcromtb.hr\/en\/wp-json\/wp\/v2\/types\/page"}],"author":[{"embeddable":true,"href":"https:\/\/bkcromtb.hr\/en\/wp-json\/wp\/v2\/users\/1"}],"replies":[{"embeddable":true,"href":"https:\/\/bkcromtb.hr\/en\/wp-json\/wp\/v2\/comments?post=990"}],"version-history":[{"count":42,"href":"https:\/\/bkcromtb.hr\/en\/wp-json\/wp\/v2\/pages\/990\/revisions"}],"predecessor-version":[{"id":1647,"href":"https:\/\/bkcromtb.hr\/en\/wp-json\/wp\/v2\/pages\/990\/revisions\/1647"}],"wp:featuredmedia":[{"embeddable":true,"href":"https:\/\/bkcromtb.hr\/en\/wp-json\/wp\/v2\/media\/1339"}],"wp:attachment":[{"href":"https:\/\/bkcromtb.hr\/en\/wp-json\/wp\/v2\/media?parent=990"}],"curies":[{"name":"wp","href":"https:\/\/api.w.org\/{rel}","templated":true}]}}