{"id":818,"date":"2020-05-21T18:06:24","date_gmt":"2020-05-21T18:06:24","guid":{"rendered":"https:\/\/demo.winnertheme.com\/zapedah\/?page_id=818"},"modified":"2026-03-10T13:43:38","modified_gmt":"2026-03-10T12:43:38","slug":"blog","status":"publish","type":"page","link":"https:\/\/bkcromtb.hr\/en\/blog\/","title":{"rendered":"Blog"},"content":{"rendered":"<div data-elementor-type=\"wp-page\" data-elementor-id=\"818\" class=\"elementor elementor-818\">\n\t\t\t\t\t\t<section class=\"elementor-section elementor-top-section elementor-element elementor-element-12c2cfe elementor-section-boxed elementor-section-height-default elementor-section-height-default\" data-id=\"12c2cfe\" data-element_type=\"section\" data-e-type=\"section\" data-settings=\"{&quot;background_background&quot;:&quot;classic&quot;}\">\n\t\t\t\t\t\t\t<div class=\"elementor-background-overlay\"><\/div>\n\t\t\t\t\t\t\t<div class=\"elementor-container elementor-column-gap-extended\">\n\t\t\t\t\t<div class=\"elementor-column elementor-col-100 elementor-top-column elementor-element elementor-element-a7c03ff\" data-id=\"a7c03ff\" data-element_type=\"column\" data-e-type=\"column\">\n\t\t\t<div class=\"elementor-widget-wrap elementor-element-populated\">\n\t\t\t\t\t\t<div class=\"elementor-element elementor-element-5cc9f65 elementor-widget elementor-widget-text-editor\" data-id=\"5cc9f65\" data-element_type=\"widget\" data-e-type=\"widget\" data-widget_type=\"text-editor.default\">\n\t\t\t\t\t\t\t\t\t<p>Our Blog<\/p>\t\t\t\t\t\t\t\t<\/div>\n\t\t\t\t<div class=\"elementor-element elementor-element-b5935af elementor-widget elementor-widget-zapedah-title\" data-id=\"b5935af\" data-element_type=\"widget\" data-e-type=\"widget\" data-widget_type=\"zapedah-title.default\">\n\t\t\t\t<div class=\"elementor-widget-container\">\n\t\t\t\t\t<h1 class=\"content-title\">News<span>.<\/span><\/h1>\t\t\t\t<\/div>\n\t\t\t\t<\/div>\n\t\t\t\t\t<\/div>\n\t\t<\/div>\n\t\t\t\t\t<\/div>\n\t\t<\/section>\n\t\t\t\t<section class=\"elementor-section elementor-top-section elementor-element elementor-element-de76e3a elementor-section-boxed elementor-section-height-default elementor-section-height-default\" data-id=\"de76e3a\" data-element_type=\"section\" data-e-type=\"section\">\n\t\t\t\t\t\t<div class=\"elementor-container elementor-column-gap-extended\">\n\t\t\t\t\t<div class=\"elementor-column elementor-col-66 elementor-top-column elementor-element elementor-element-dad2699\" data-id=\"dad2699\" data-element_type=\"column\" data-e-type=\"column\">\n\t\t\t<div class=\"elementor-widget-wrap elementor-element-populated\">\n\t\t\t\t\t\t<div class=\"elementor-element elementor-element-c314be7 elementor-widget elementor-widget-zapedah-post-four\" data-id=\"c314be7\" data-element_type=\"widget\" data-e-type=\"widget\" data-widget_type=\"zapedah-post-four.default\">\n\t\t\t\t<div class=\"elementor-widget-container\">\n\t\t\t\t\t<div class=\"blog-post-list row clearfix blog-body\">\r\n        <div class=\"col-md-6\">\r\n        <div class=\"blog-col-inner\">\r\n\r\n\r\n\r\n\r\n            <!--if post is standard-->\r\n                                    <img fetchpriority=\"high\" decoding=\"async\" width=\"1080\" height=\"1034\" src=\"https:\/\/bkcromtb.hr\/wp-content\/uploads\/2026\/03\/642490565_17853130563673710_7284603327344326666_n-e1772449004338.webp\" class=\"full-size-img wp-post-image\" alt=\"\" srcset=\"https:\/\/bkcromtb.hr\/wp-content\/uploads\/2026\/03\/642490565_17853130563673710_7284603327344326666_n-e1772449004338.webp 1080w, https:\/\/bkcromtb.hr\/wp-content\/uploads\/2026\/03\/642490565_17853130563673710_7284603327344326666_n-e1772449004338-300x287.webp 300w, https:\/\/bkcromtb.hr\/wp-content\/uploads\/2026\/03\/642490565_17853130563673710_7284603327344326666_n-e1772449004338-1024x980.webp 1024w, https:\/\/bkcromtb.hr\/wp-content\/uploads\/2026\/03\/642490565_17853130563673710_7284603327344326666_n-e1772449004338-768x735.webp 768w\" sizes=\"(max-width: 1080px) 100vw, 1080px\" \/>            <!--if post is gallery-->\r\n            \r\n\r\n\r\n\r\n\r\n            <div class=\"excerpt-box\">\r\n\r\n\r\n\r\n\r\n                <a href=\"https:\/\/bkcromtb.hr\/en\/2026\/03\/02\/upisujemo-nove-clanove-u-nasu-cro-mtb-akademiju\/\">\r\n                    <h3>WE ARE ENROLLING NEW MEMBERS in our CRO MTB Academy<\/h3>\r\n                <\/a>\r\n\r\n\r\n\r\n                <div class=\"widget-border\"><\/div>\r\n                                <p>\r\n                    Join us and choose the program that suits you best\n\n\ud83d\udd39 Beginner &amp; Advanced MTB (ages 10\u201313+)\n\ud83d\udd39 Road to Elite MTB (ages 12\u201318)\n\ud83d\udd39 Super Athlete Program (ages 13+, advanced athletes)                <\/p>\r\n                \r\n\r\n                                <div class=\"box-btnzero\">\r\n                    <a class=\"content-btn\" href=\"https:\/\/bkcromtb.hr\/en\/2026\/03\/02\/upisujemo-nove-clanove-u-nasu-cro-mtb-akademiju\/\">\r\n\r\n                        \r\n                        Read more...                    <\/a>\r\n                <\/div>\r\n                \r\n\r\n                                <ul class=\"post-meta\">\r\n\r\n                                        <li class=\"postarch\"><i class=\"fa fa-archive\"><\/i> <a href=\"https:\/\/bkcromtb.hr\/en\/category\/dogadanje\/\" rel=\"category tag\">Doga\u0111anje<\/a>, <a href=\"https:\/\/bkcromtb.hr\/en\/category\/novosti\/\" rel=\"category tag\">News<\/a><\/li>\r\n                    \r\n                                        <li><i class=\"fa fa-user\"><\/i> <a href=\"https:\/\/bkcromtb.hr\/en\/author\/admin\/\" title=\"Posts by Admin\" rel=\"author\">Admin<\/a><\/li>\r\n                    \r\n                                    <\/ul>\r\n                \r\n            <\/div>\r\n\r\n        <\/div>\r\n        <div class=\"spacing30 clearfix\"><\/div>\r\n    <\/div>\r\n\r\n        <div class=\"col-md-6\">\r\n        <div class=\"blog-col-inner\">\r\n\r\n\r\n\r\n\r\n            <!--if post is standard-->\r\n                                    <img decoding=\"async\" width=\"2268\" height=\"1701\" src=\"https:\/\/bkcromtb.hr\/wp-content\/uploads\/2026\/02\/IMG_6803.jpg\" class=\"full-size-img wp-post-image\" alt=\"\" srcset=\"https:\/\/bkcromtb.hr\/wp-content\/uploads\/2026\/02\/IMG_6803.jpg 2268w, https:\/\/bkcromtb.hr\/wp-content\/uploads\/2026\/02\/IMG_6803-300x225.jpg 300w, https:\/\/bkcromtb.hr\/wp-content\/uploads\/2026\/02\/IMG_6803-1024x768.jpg 1024w, https:\/\/bkcromtb.hr\/wp-content\/uploads\/2026\/02\/IMG_6803-768x576.jpg 768w, https:\/\/bkcromtb.hr\/wp-content\/uploads\/2026\/02\/IMG_6803-1536x1152.jpg 1536w, https:\/\/bkcromtb.hr\/wp-content\/uploads\/2026\/02\/IMG_6803-2048x1536.jpg 2048w\" sizes=\"(max-width: 2268px) 100vw, 2268px\" \/>            <!--if post is gallery-->\r\n            \r\n\r\n\r\n\r\n\r\n            <div class=\"excerpt-box\">\r\n\r\n\r\n\r\n\r\n                <a href=\"https:\/\/bkcromtb.hr\/en\/2026\/02\/22\/dobar-dan-svijete\/\">\r\n                    <h3>First place for Luka Ki\u0161i\u0107ek at the prestigious XCO competition in Spain<\/h3>\r\n                <\/a>\r\n\r\n\r\n\r\n                <div class=\"widget-border\"><\/div>\r\n                                <p>\r\n                    Excellent result by Luka Rafael Ki\u0161i\u010dek \u2013 first place at a strong international cadet race in Spain. Reporting from Spain, where he is currently preparing for the upcoming competitions\u2026                <\/p>\r\n                \r\n\r\n                                <div class=\"box-btnzero\">\r\n                    <a class=\"content-btn\" href=\"https:\/\/bkcromtb.hr\/en\/2026\/02\/22\/dobar-dan-svijete\/\">\r\n\r\n                        \r\n                        Read more...                    <\/a>\r\n                <\/div>\r\n                \r\n\r\n                                <ul class=\"post-meta\">\r\n\r\n                                        <li class=\"postarch\"><i class=\"fa fa-archive\"><\/i> <a href=\"https:\/\/bkcromtb.hr\/en\/category\/utrka\/\" rel=\"category tag\">Utrka<\/a><\/li>\r\n                    \r\n                                        <li><i class=\"fa fa-user\"><\/i> <a href=\"https:\/\/bkcromtb.hr\/en\/author\/admin\/\" title=\"Posts by Admin\" rel=\"author\">Admin<\/a><\/li>\r\n                    \r\n                                    <\/ul>\r\n                \r\n            <\/div>\r\n\r\n        <\/div>\r\n        <div class=\"spacing30 clearfix\"><\/div>\r\n    <\/div>\r\n\r\n        <div class=\"col-md-6\">\r\n        <div class=\"blog-col-inner\">\r\n\r\n\r\n\r\n\r\n            <!--if post is standard-->\r\n                                    <img decoding=\"async\" width=\"551\" height=\"344\" src=\"https:\/\/bkcromtb.hr\/wp-content\/uploads\/2026\/01\/250520-XCO-Kamnik-2025-0790-e1772456257996.webp\" class=\"full-size-img wp-post-image\" alt=\"\" srcset=\"https:\/\/bkcromtb.hr\/wp-content\/uploads\/2026\/01\/250520-XCO-Kamnik-2025-0790-e1772456257996.webp 551w, https:\/\/bkcromtb.hr\/wp-content\/uploads\/2026\/01\/250520-XCO-Kamnik-2025-0790-e1772456257996-300x187.webp 300w\" sizes=\"(max-width: 551px) 100vw, 551px\" \/>            <!--if post is gallery-->\r\n            \r\n\r\n\r\n\r\n\r\n            <div class=\"excerpt-box\">\r\n\r\n\r\n\r\n\r\n                <a href=\"https:\/\/bkcromtb.hr\/en\/2025\/05\/20\/dan-svijete\/\">\r\n                    <h3>Luka Dragi\u010devi\u0107\u2019s First Victory in the Slovenian Cup<\/h3>\r\n                <\/a>\r\n\r\n\r\n\r\n                <div class=\"widget-border\"><\/div>\r\n                                <p>\r\n                    CRO MTB Team member Luka Dragi\u010devi\u0107 secured his first victory in the Slovenian Cup at the race held in Kamnik, confirming his continuous progress and strong form this season.                <\/p>\r\n                \r\n\r\n                                <div class=\"box-btnzero\">\r\n                    <a class=\"content-btn\" href=\"https:\/\/bkcromtb.hr\/en\/2025\/05\/20\/dan-svijete\/\">\r\n\r\n                        \r\n                        Read more...                    <\/a>\r\n                <\/div>\r\n                \r\n\r\n                                <ul class=\"post-meta\">\r\n\r\n                                        <li class=\"postarch\"><i class=\"fa fa-archive\"><\/i> <a href=\"https:\/\/bkcromtb.hr\/en\/category\/nekategorizirano\/\" rel=\"category tag\">Uncategorized<\/a><\/li>\r\n                    \r\n                                        <li><i class=\"fa fa-user\"><\/i> <a href=\"https:\/\/bkcromtb.hr\/en\/author\/admin\/\" title=\"Posts by Admin\" rel=\"author\">Admin<\/a><\/li>\r\n                    \r\n                                    <\/ul>\r\n                \r\n            <\/div>\r\n\r\n        <\/div>\r\n        <div class=\"spacing30 clearfix\"><\/div>\r\n    <\/div>\r\n\r\n        <div class=\"col-md-6\">\r\n        <div class=\"blog-col-inner\">\r\n\r\n\r\n\r\n\r\n            <!--if post is standard-->\r\n                                    <img loading=\"lazy\" decoding=\"async\" width=\"675\" height=\"506\" src=\"https:\/\/bkcromtb.hr\/wp-content\/uploads\/2020\/05\/250219-cro-mtb-team-ESP-1-Custom.webp\" class=\"full-size-img wp-post-image\" alt=\"\" srcset=\"https:\/\/bkcromtb.hr\/wp-content\/uploads\/2020\/05\/250219-cro-mtb-team-ESP-1-Custom.webp 675w, https:\/\/bkcromtb.hr\/wp-content\/uploads\/2020\/05\/250219-cro-mtb-team-ESP-1-Custom-300x225.webp 300w\" sizes=\"(max-width: 675px) 100vw, 675px\" \/>            <!--if post is gallery-->\r\n            \r\n\r\n\r\n\r\n\r\n            <div class=\"excerpt-box\">\r\n\r\n\r\n\r\n\r\n                <a href=\"https:\/\/bkcromtb.hr\/en\/2025\/02\/19\/cro-mtb-team-otvorio-sezonu-na-jakim-xco-utrkama-u-spanjolskoj\/\">\r\n                    <h3>CRO MTB Team Opens the Season at Strong XCO Races in Spain<\/h3>\r\n                <\/a>\r\n\r\n\r\n\r\n                <div class=\"widget-border\"><\/div>\r\n                                <p>\r\n                    CRO MTB riders opened the season by competing at prestigious international XCO races in Spain, where they tested themselves against exceptionally strong competition from across Europe.                <\/p>\r\n                \r\n\r\n                                <div class=\"box-btnzero\">\r\n                    <a class=\"content-btn\" href=\"https:\/\/bkcromtb.hr\/en\/2025\/02\/19\/cro-mtb-team-otvorio-sezonu-na-jakim-xco-utrkama-u-spanjolskoj\/\">\r\n\r\n                        \r\n                        Read more...                    <\/a>\r\n                <\/div>\r\n                \r\n\r\n                                <ul class=\"post-meta\">\r\n\r\n                                        <li class=\"postarch\"><i class=\"fa fa-archive\"><\/i> <a href=\"https:\/\/bkcromtb.hr\/en\/category\/nekategorizirano\/\" rel=\"category tag\">Uncategorized<\/a><\/li>\r\n                    \r\n                                        <li><i class=\"fa fa-user\"><\/i> <a href=\"https:\/\/bkcromtb.hr\/en\/author\/admin\/\" title=\"Posts by Admin\" rel=\"author\">Admin<\/a><\/li>\r\n                    \r\n                                    <\/ul>\r\n                \r\n            <\/div>\r\n\r\n        <\/div>\r\n        <div class=\"spacing30 clearfix\"><\/div>\r\n    <\/div>\r\n\r\n    <\/div>\r\n\r\n<!--pagination-->\r\n\t\t\t\t<\/div>\n\t\t\t\t<\/div>\n\t\t\t\t\t<\/div>\n\t\t<\/div>\n\t\t\t\t<div class=\"elementor-column elementor-col-33 elementor-top-column elementor-element elementor-element-8f6a1b8\" data-id=\"8f6a1b8\" data-element_type=\"column\" data-e-type=\"column\">\n\t\t\t<div class=\"elementor-widget-wrap elementor-element-populated\">\n\t\t\t\t\t\t<div class=\"elementor-element elementor-element-057ac6d elementor-widget elementor-widget-zapedah-sidebar\" data-id=\"057ac6d\" data-element_type=\"widget\" data-e-type=\"widget\" data-widget_type=\"zapedah-sidebar.default\">\n\t\t\t\t<div class=\"elementor-widget-container\">\n\t\t\t\t\t<!--SIDEBAR START-->\r\n<div class=\"zapedah-sidebar sidebar clearfix\">\r\n    <div  id=\"block-2\" class=\"widget widget_block widget_search clearfix\"><form role=\"search\" method=\"get\" action=\"https:\/\/bkcromtb.hr\/en\/\" class=\"wp-block-search__button-outside wp-block-search__text-button wp-block-search\" data-trp-original-action=\"https:\/\/bkcromtb.hr\/en\/\"    ><label class=\"wp-block-search__label\" for=\"wp-block-search__input-1\" >Search<\/label><div class=\"wp-block-search__inside-wrapper\" ><input class=\"wp-block-search__input\" id=\"wp-block-search__input-1\" placeholder=\"\" value=\"\" type=\"search\" name=\"s\" required \/><button aria-label=\"Search\" class=\"wp-block-search__button wp-element-button\" type=\"submit\" >Search<\/button><\/div><input type=\"hidden\" name=\"trp-form-language\" value=\"en\"\/><\/form><\/div><div  id=\"block-3\" class=\"widget widget_block clearfix\"><div class=\"wp-block-group\"><div class=\"wp-block-group__inner-container is-layout-flow wp-block-group-is-layout-flow\"><h2 class=\"wp-block-heading\">Latest News<\/h2><ul class=\"wp-block-latest-posts__list wp-block-latest-posts\"><li><a class=\"wp-block-latest-posts__post-title\" href=\"https:\/\/bkcromtb.hr\/en\/2026\/03\/02\/upisujemo-nove-clanove-u-nasu-cro-mtb-akademiju\/\">WE ARE ENROLLING NEW MEMBERS in our CRO MTB Academy<\/a><\/li>\n<li><a class=\"wp-block-latest-posts__post-title\" href=\"https:\/\/bkcromtb.hr\/en\/2026\/02\/22\/dobar-dan-svijete\/\">First place for Luka Ki\u0161i\u0107ek at the prestigious XCO competition in Spain<\/a><\/li>\n<li><a class=\"wp-block-latest-posts__post-title\" href=\"https:\/\/bkcromtb.hr\/en\/2025\/05\/20\/dan-svijete\/\">Luka Dragi\u010devi\u0107\u2019s First Victory in the Slovenian Cup<\/a><\/li>\n<li><a class=\"wp-block-latest-posts__post-title\" href=\"https:\/\/bkcromtb.hr\/en\/2025\/02\/19\/cro-mtb-team-otvorio-sezonu-na-jakim-xco-utrkama-u-spanjolskoj\/\">CRO MTB Team Opens the Season at Strong XCO Races in Spain<\/a><\/li>\n<\/ul><\/div><\/div><\/div><div  id=\"block-4\" class=\"widget widget_block clearfix\"><div class=\"wp-block-group\"><div class=\"wp-block-group__inner-container is-layout-flow wp-block-group-is-layout-flow\"><h2 class=\"wp-block-heading\">Latest Comment<\/h2><div class=\"no-comments wp-block-latest-comments\">No comments to show.<\/div><\/div><\/div><\/div><div  id=\"zapedah_about-1\" class=\"widget widget_zapedah_about clearfix\"><div class=\"widget-about-us clearfix\"><div class=\"abtw-box\" style=\"background-image:url(https:\/\/bkcromtb.hr\/wp-content\/uploads\/2020\/05\/home-slider_1600x900-2.webp);background-position: center;background-size: cover;\"><div class=\"border-ab\"><\/div><div class=\"slider-mask\"><\/div>\t\t\t<div class=\"bordering-widget\">\r\n\r\n\r\n\r\n\t\t\t\t<h3>CRO MTB<\/h3>\r\n\t\t\t\t<p class=\"wdg-about-subtitle\">Cycling Club<\/p>\r\n\t\t\t<\/div>\r\n\t\t<\/div><div class=\"ab-bordering\"><p>Systematic, professional, and long-term work with children and youth through mountain biking, which the club promotes not only as a sport, but also as a healthy, active, and responsible way of life.<\/p><ul class=\"abtw-soc\">\t\t\t\t<li><a href=\"#\" target=\"_blank\"><i class=\"fa fa-facebook\"><\/i><\/a><\/li>\r\n\t\t\t\t\t\t\t<li><a href=\"#\" target=\"_blank\"><i class=\"fa fa-twitter\"><\/i><\/a><\/li>\r\n\t\t\t\t\t\t\t<li><a href=\"#\" target=\"_blank\"><i class=\"fa fa-google-plus\"><\/i><\/a><\/li>\r\n\t\t\t\t\t\t\t<li><a href=\"#\" target=\"_blank\"><i class=\"fa fa-instagram\"><\/i><\/a><\/li>\r\n\t\t\t\t\t\t\t<li><a href=\"#\" target=\"_blank\"><i class=\"fa fa-pinterest\"><\/i><\/a><\/li>\r\n\t\t\t\t\t\t\t<li><a href=\"#\" target=\"_blank\"><i class=\"fa fa-youtube\"><\/i><\/a><\/li>\r\n\t\t\t<\/ul><\/div><\/div><\/div><div  id=\"search-1\" class=\"widget widget_search clearfix\"><form role=\"search\" method=\"get\" class=\"searchform\" action=\"https:\/\/bkcromtb.hr\/en\/\" data-trp-original-action=\"https:\/\/bkcromtb.hr\/en\/\" >\r\n\t\t<input type=\"search\" placeholder=\"Search and hit enter...\" value=\"\" name=\"s\" class=\"search-input-form\" \/>\r\n\t\t<input type=\"submit\" class=\"searchsubmit\" \/>\r\n\t\t<input type=\"hidden\" name=\"trp-form-language\" value=\"en\"\/><\/form><\/div>\n\t\t<div  id=\"recent-posts-1\" class=\"widget widget_recent_entries clearfix\">\n\t\t<h3 class=\"widgettitle\">Recent Posts<\/h3> <div class=\"widget-border\"><\/div>\n\t\t<ul>\n\t\t\t\t\t\t\t\t\t\t\t<li>\n\t\t\t\t\t<a href=\"https:\/\/bkcromtb.hr\/en\/2026\/03\/02\/upisujemo-nove-clanove-u-nasu-cro-mtb-akademiju\/\">WE ARE ENROLLING NEW MEMBERS in our CRO MTB Academy<\/a>\n\t\t\t\t\t\t\t\t\t<\/li>\n\t\t\t\t\t\t\t\t\t\t\t<li>\n\t\t\t\t\t<a href=\"https:\/\/bkcromtb.hr\/en\/2026\/02\/22\/dobar-dan-svijete\/\">First place for Luka Ki\u0161i\u0107ek at the prestigious XCO competition in Spain<\/a>\n\t\t\t\t\t\t\t\t\t<\/li>\n\t\t\t\t\t\t\t\t\t\t\t<li>\n\t\t\t\t\t<a href=\"https:\/\/bkcromtb.hr\/en\/2025\/05\/20\/dan-svijete\/\">Luka Dragi\u010devi\u0107\u2019s First Victory in the Slovenian Cup<\/a>\n\t\t\t\t\t\t\t\t\t<\/li>\n\t\t\t\t\t\t\t\t\t\t\t<li>\n\t\t\t\t\t<a href=\"https:\/\/bkcromtb.hr\/en\/2025\/02\/19\/cro-mtb-team-otvorio-sezonu-na-jakim-xco-utrkama-u-spanjolskoj\/\">CRO MTB Team Opens the Season at Strong XCO Races in Spain<\/a>\n\t\t\t\t\t\t\t\t\t<\/li>\n\t\t\t\t\t<\/ul>\n\n\t\t<\/div><\/div>\r\n<!--\/.sidebar-->\r\n<!--SIDEBAR END-->\r\n\t\t\t\t<\/div>\n\t\t\t\t<\/div>\n\t\t\t\t\t<\/div>\n\t\t<\/div>\n\t\t\t\t\t<\/div>\n\t\t<\/section>\n\t\t\t\t<\/div>","protected":false},"excerpt":{"rendered":"<p>Na\u0161 blog Novosti. UPISUJEMO NOVE \u010cLANOVE u na\u0161u CRO MTB Akademiju Pridru\u017ei nam se i odaberi program po svojoj mjeri \ud83d\udd39 Beginner &amp; Advanced MTB (10\u201313+ god.)\ud83d\udd39 Road to Elite MTB (12\u201318 god.)\ud83d\udd39 Supe&#8230; Vi\u0161e Doga\u0111anje, Novosti Admin Prvo mjesto za Luku Ki\u0161i\u0107eka na presti\u017enom XCO natjecanju u \u0160panjolskoj Odli\u010dan rezultat Luke Rafaela Ki\u0161i\u010deka, prvo mjesto na jakoj me\u0111unarodnoj utrci &hellip;<\/p>","protected":false},"author":1,"featured_media":1144,"parent":0,"menu_order":0,"comment_status":"closed","ping_status":"closed","template":"blank-builder.php","meta":{"footnotes":""},"class_list":["post-818","page","type-page","status-publish","has-post-thumbnail","hentry"],"_links":{"self":[{"href":"https:\/\/bkcromtb.hr\/en\/wp-json\/wp\/v2\/pages\/818","targetHints":{"allow":["GET"]}}],"collection":[{"href":"https:\/\/bkcromtb.hr\/en\/wp-json\/wp\/v2\/pages"}],"about":[{"href":"https:\/\/bkcromtb.hr\/en\/wp-json\/wp\/v2\/types\/page"}],"author":[{"embeddable":true,"href":"https:\/\/bkcromtb.hr\/en\/wp-json\/wp\/v2\/users\/1"}],"replies":[{"embeddable":true,"href":"https:\/\/bkcromtb.hr\/en\/wp-json\/wp\/v2\/comments?post=818"}],"version-history":[{"count":18,"href":"https:\/\/bkcromtb.hr\/en\/wp-json\/wp\/v2\/pages\/818\/revisions"}],"predecessor-version":[{"id":1712,"href":"https:\/\/bkcromtb.hr\/en\/wp-json\/wp\/v2\/pages\/818\/revisions\/1712"}],"wp:featuredmedia":[{"embeddable":true,"href":"https:\/\/bkcromtb.hr\/en\/wp-json\/wp\/v2\/media\/1144"}],"wp:attachment":[{"href":"https:\/\/bkcromtb.hr\/en\/wp-json\/wp\/v2\/media?parent=818"}],"curies":[{"name":"wp","href":"https:\/\/api.w.org\/{rel}","templated":true}]}}