{"id":656,"date":"2020-05-17T17:04:53","date_gmt":"2020-05-17T17:04:53","guid":{"rendered":"https:\/\/demo.winnertheme.com\/zapedah\/?page_id=656"},"modified":"2026-03-16T15:11:34","modified_gmt":"2026-03-16T14:11:34","slug":"events","status":"publish","type":"page","link":"https:\/\/bkcromtb.hr\/en\/events\/","title":{"rendered":"Events"},"content":{"rendered":"\t\t<div data-elementor-type=\"wp-page\" data-elementor-id=\"656\" class=\"elementor elementor-656\">\n\t\t\t\t\t\t<section class=\"elementor-section elementor-top-section elementor-element elementor-element-732ed66 elementor-section-boxed elementor-section-height-default elementor-section-height-default\" data-id=\"732ed66\" data-element_type=\"section\" data-e-type=\"section\" data-settings=\"{&quot;background_background&quot;:&quot;classic&quot;}\">\n\t\t\t\t\t\t\t<div class=\"elementor-background-overlay\"><\/div>\n\t\t\t\t\t\t\t<div class=\"elementor-container elementor-column-gap-extended\">\n\t\t\t\t\t<div class=\"elementor-column elementor-col-100 elementor-top-column elementor-element elementor-element-a3602f2\" data-id=\"a3602f2\" data-element_type=\"column\" data-e-type=\"column\">\n\t\t\t<div class=\"elementor-widget-wrap elementor-element-populated\">\n\t\t\t\t\t\t<div class=\"elementor-element elementor-element-668cddf elementor-widget elementor-widget-text-editor\" data-id=\"668cddf\" data-element_type=\"widget\" data-e-type=\"widget\" data-widget_type=\"text-editor.default\">\n\t\t\t\t\t\t\t\t\t<p>Nadolaze\u0107i<\/p>\t\t\t\t\t\t\t\t<\/div>\n\t\t\t\t<div class=\"elementor-element elementor-element-5158044 elementor-widget elementor-widget-zapedah-title\" data-id=\"5158044\" data-element_type=\"widget\" data-e-type=\"widget\" data-widget_type=\"zapedah-title.default\">\n\t\t\t\t<div class=\"elementor-widget-container\">\n\t\t\t\t\t<h2 class=\"content-title\">Doga\u0111aji<span>.<\/span><\/h2>\t\t\t\t<\/div>\n\t\t\t\t<\/div>\n\t\t\t\t\t<\/div>\n\t\t<\/div>\n\t\t\t\t\t<\/div>\n\t\t<\/section>\n\t\t\t\t<section class=\"elementor-section elementor-top-section elementor-element elementor-element-d6be745 elementor-section-boxed elementor-section-height-default elementor-section-height-default\" data-id=\"d6be745\" data-element_type=\"section\" data-e-type=\"section\">\n\t\t\t\t\t\t<div class=\"elementor-container elementor-column-gap-no\">\n\t\t\t\t\t<div class=\"elementor-column elementor-col-100 elementor-top-column elementor-element elementor-element-78326e3\" data-id=\"78326e3\" data-element_type=\"column\" data-e-type=\"column\">\n\t\t\t<div class=\"elementor-widget-wrap elementor-element-populated\">\n\t\t\t\t\t\t<section class=\"elementor-section elementor-inner-section elementor-element elementor-element-e7c6ed2 elementor-section-boxed elementor-section-height-default elementor-section-height-default\" data-id=\"e7c6ed2\" data-element_type=\"section\" data-e-type=\"section\">\n\t\t\t\t\t\t<div class=\"elementor-container elementor-column-gap-extended\">\n\t\t\t\t\t<div class=\"elementor-column elementor-col-33 elementor-inner-column elementor-element elementor-element-b57e670\" data-id=\"b57e670\" data-element_type=\"column\" data-e-type=\"column\">\n\t\t\t<div class=\"elementor-widget-wrap elementor-element-populated\">\n\t\t\t\t\t\t<div class=\"elementor-element elementor-element-c2c870f animated-fast elementor-widget elementor-widget-zapedah-title\" data-id=\"c2c870f\" data-element_type=\"widget\" data-e-type=\"widget\" data-settings=\"{&quot;_animation&quot;:&quot;none&quot;,&quot;_animation_tablet&quot;:&quot;none&quot;}\" data-widget_type=\"zapedah-title.default\">\n\t\t\t\t<div class=\"elementor-widget-container\">\n\t\t\t\t\t<h2 class=\"content-title\">Nadolaze\u0107i doga\u0111aji<\/h2>\t\t\t\t<\/div>\n\t\t\t\t<\/div>\n\t\t\t\t\t<\/div>\n\t\t<\/div>\n\t\t\t\t<div class=\"elementor-column elementor-col-66 elementor-inner-column elementor-element elementor-element-8869eb2\" data-id=\"8869eb2\" data-element_type=\"column\" data-e-type=\"column\">\n\t\t\t<div class=\"elementor-widget-wrap elementor-element-populated\">\n\t\t\t\t\t\t<div class=\"elementor-element elementor-element-45aa3c1 animated-fast elementor-widget elementor-widget-text-editor\" data-id=\"45aa3c1\" data-element_type=\"widget\" data-e-type=\"widget\" data-settings=\"{&quot;_animation&quot;:&quot;none&quot;,&quot;_animation_tablet&quot;:&quot;none&quot;,&quot;_animation_delay&quot;:200}\" data-widget_type=\"text-editor.default\">\n\t\t\t\t\t\t\t\t\t<p>Utrke su temelj kontinuiranog napretka i provjera forme u realnim uvjetima. Nastupima na doma\u0107im i me\u0111unarodnim natjecanjima gradimo sigurnost, takti\u010dku zrelost i me\u0111unarodno iskustvo.<\/p>\t\t\t\t\t\t\t\t<\/div>\n\t\t\t\t<div class=\"elementor-element elementor-element-ae691d4 animated-fast elementor-widget elementor-widget-text-editor\" data-id=\"ae691d4\" data-element_type=\"widget\" data-e-type=\"widget\" data-settings=\"{&quot;_animation&quot;:&quot;none&quot;,&quot;_animation_tablet&quot;:&quot;none&quot;,&quot;_animation_delay&quot;:400}\" data-widget_type=\"text-editor.default\">\n\t\t\t\t\t\t\t\t\t<p>Kroz pa\u017eljivo odabran kalendar utrka osiguravamo progresivan razvoj voza\u010da i ja\u010danje prisutnosti tima na europskoj sceni. Utrke su mjesto gdje se rad pretvara u rezultat.<\/p>\t\t\t\t\t\t\t\t<\/div>\n\t\t\t\t<div class=\"elementor-element elementor-element-fe3fd0d elementor-widget elementor-widget-zapedah-button\" data-id=\"fe3fd0d\" data-element_type=\"widget\" data-e-type=\"widget\" data-widget_type=\"zapedah-button.default\">\n\t\t\t\t<div class=\"elementor-widget-container\">\n\t\t\t\t\t\t\t\r\n\t\t\t<a class=\"content-btn\" href=\"https:\/\/bkcromtb.hr\/wp-content\/uploads\/2026\/03\/Race_kalendar_2026_BK_CRO_MTB_TEAM_TABLICA_V2-2_compressed.pdf\">\r\n\r\n\t\t\t\t\t\t\t\t\t<span class=\"content-btn-align-icon-left content-btn-button-icon\">\r\n\t\t\t\t\t\t<svg aria-hidden=\"true\" class=\"e-font-icon-svg e-far-calendar-alt\" viewBox=\"0 0 448 512\" xmlns=\"http:\/\/www.w3.org\/2000\/svg\"><path d=\"M148 288h-40c-6.6 0-12-5.4-12-12v-40c0-6.6 5.4-12 12-12h40c6.6 0 12 5.4 12 12v40c0 6.6-5.4 12-12 12zm108-12v-40c0-6.6-5.4-12-12-12h-40c-6.6 0-12 5.4-12 12v40c0 6.6 5.4 12 12 12h40c6.6 0 12-5.4 12-12zm96 0v-40c0-6.6-5.4-12-12-12h-40c-6.6 0-12 5.4-12 12v40c0 6.6 5.4 12 12 12h40c6.6 0 12-5.4 12-12zm-96 96v-40c0-6.6-5.4-12-12-12h-40c-6.6 0-12 5.4-12 12v40c0 6.6 5.4 12 12 12h40c6.6 0 12-5.4 12-12zm-96 0v-40c0-6.6-5.4-12-12-12h-40c-6.6 0-12 5.4-12 12v40c0 6.6 5.4 12 12 12h40c6.6 0 12-5.4 12-12zm192 0v-40c0-6.6-5.4-12-12-12h-40c-6.6 0-12 5.4-12 12v40c0 6.6 5.4 12 12 12h40c6.6 0 12-5.4 12-12zm96-260v352c0 26.5-21.5 48-48 48H48c-26.5 0-48-21.5-48-48V112c0-26.5 21.5-48 48-48h48V12c0-6.6 5.4-12 12-12h40c6.6 0 12 5.4 12 12v52h128V12c0-6.6 5.4-12 12-12h40c6.6 0 12 5.4 12 12v52h48c26.5 0 48 21.5 48 48zm-48 346V160H48v298c0 3.3 2.7 6 6 6h340c3.3 0 6-2.7 6-6z\"><\/path><\/svg>\t\t\t\t\t<\/span>\r\n\t\t\t\t\r\n\t\t\t\tPreuzmi raspored doga\u0111anja\t\t\t<\/a>\r\n\r\n\t\t\r\n\t\t\t\t\t<\/div>\n\t\t\t\t<\/div>\n\t\t\t\t\t<\/div>\n\t\t<\/div>\n\t\t\t\t\t<\/div>\n\t\t<\/section>\n\t\t\t\t<section class=\"elementor-section elementor-inner-section elementor-element elementor-element-1359fd5 elementor-section-boxed elementor-section-height-default elementor-section-height-default\" data-id=\"1359fd5\" data-element_type=\"section\" data-e-type=\"section\">\n\t\t\t\t\t\t<div class=\"elementor-container elementor-column-gap-extended\">\n\t\t\t\t\t<div class=\"elementor-column elementor-col-100 elementor-inner-column elementor-element elementor-element-f385e30\" data-id=\"f385e30\" data-element_type=\"column\" data-e-type=\"column\">\n\t\t\t<div class=\"elementor-widget-wrap elementor-element-populated\">\n\t\t\t\t\t\t<div class=\"elementor-element elementor-element-987b977 elementor-widget elementor-widget-html\" data-id=\"987b977\" data-element_type=\"widget\" data-e-type=\"widget\" data-widget_type=\"html.default\">\n\t\t\t\t\t\n<style>\n.cromtb-calendar-wrapper {\n    background: rgba(36, 44, 67, 0.15);\n    border-radius: 14px;\n    padding: 20px;\n    box-shadow: 0 10px 40px rgba(0,0,0,0.35);\n    border: 1px solid rgba(255,255,255,0.05);\n}\n\n.cromtb-calendar-wrapper iframe {\n    width: 100%;\n    border-radius: 10px;\n    border: none;\n}\n\n\/* responsive height *\/\niframe[data-tec-events-ece-iframe=\"true\"] {\n    width: 100%;\n    height: calc(100vw + 100px);\n    max-width: 100%;\n}\n\n@media screen and (min-width: 600px) {\n    iframe[data-tec-events-ece-iframe=\"true\"] {\n        height: 100vw;\n    }\n}\n\n@media screen and (min-width: 853px) {\n    iframe[data-tec-events-ece-iframe=\"true\"] {\n        height: 1065px;\n    }\n}\n\n\/* subtle brand accent *\/\n.cromtb-calendar-wrapper::before {\n    content:\"\";\n    display:block;\n    height:4px;\n    background: linear-gradient(90deg,#50559b,#6a70d6);\n    border-radius:4px;\n    margin-bottom:15px;\n}\n<\/style>\n\n<div class=\"cromtb-calendar-wrapper\">\n<iframe \ndata-tec-events-ece-iframe=\"true\"\nsrc=\"https:\/\/bkcromtb.hr\/calendar-embed\/qVgFQWwDlE6\/embed\/\"\nloading=\"lazy\"\n><\/iframe>\n<\/div>\t\t\t\t<\/div>\n\t\t\t\t\t<\/div>\n\t\t<\/div>\n\t\t\t\t\t<\/div>\n\t\t<\/section>\n\t\t\t\t<section class=\"elementor-section elementor-inner-section elementor-element elementor-element-270848d elementor-section-boxed elementor-section-height-default elementor-section-height-default\" data-id=\"270848d\" data-element_type=\"section\" data-e-type=\"section\">\n\t\t\t\t\t\t<div class=\"elementor-container elementor-column-gap-extended\">\n\t\t\t\t\t<div class=\"elementor-column elementor-col-100 elementor-inner-column elementor-element elementor-element-a69bb41\" data-id=\"a69bb41\" data-element_type=\"column\" data-e-type=\"column\">\n\t\t\t<div class=\"elementor-widget-wrap elementor-element-populated\">\n\t\t\t\t\t\t<div class=\"elementor-element elementor-element-9e51f84 animated-fast elementor-widget elementor-widget-zapedah-event-custom\" data-id=\"9e51f84\" data-element_type=\"widget\" data-e-type=\"widget\" data-settings=\"{&quot;_animation&quot;:&quot;none&quot;,&quot;_animation_tablet&quot;:&quot;none&quot;,&quot;_animation_delay&quot;:200}\" data-widget_type=\"zapedah-event-custom.default\">\n\t\t\t\t<div class=\"elementor-widget-container\">\n\t\t\t\t\t\r\n\r\n\r\n\r\n<div class=\"hidden rdn-port-val\" data-nomore=\"No More Event\"\r\n\tdata-item=\"6\" data-col=\"3\"\r\n\tdata-order=\"DESC\" data-url=\"https:\/\/bkcromtb.hr\/wp-admin\/admin-ajax.php\"\r\n\tdata-nonce=\"d4fc660520\"><\/div>\r\n<ul class=\"port-filter center-port-filter\">\r\n\r\n\t\t<li>\r\n\t\t<a class=\"active\" href=\"#\" data-filter=\"*\">\r\n\t\t\tAll\t\t<\/a>\r\n\t<\/li>\r\n\t\t<li><a data-filter=\".special-event\" href=\"#\">\r\n\t\t\tSpecial Event<\/a><\/li>\r\n\t<\/ul>\r\n\r\n\r\n\r\n<div class=\"event-type-two c-iso event-custom-type clearfix standard-port \">\r\n\t\r\n\t<div class=\"col-md-6 post-1398 event type-event status-publish has-post-thumbnail hentry  port-item\" id=\"post-1398\">\r\n\r\n\t\t<div class=\"port-inner\">\r\n\t\t\t<a class=\"port-link\" href=\"https:\/\/bkcromtb.hr\/en\/event\/xco-drozdovo-slovacka\/\"><\/a>\r\n\t\t\t<div class=\"port-box\"><\/div>\r\n\t\t\t<div class=\"port-img width-img img-bg\"\r\n\t\t\t\tstyle=\"background-image:url(https:\/\/bkcromtb.hr\/wp-content\/uploads\/2026\/03\/Snimka-zaslona-2026-03-03-121102-e1772539142541.png);\"><\/div>\r\n\t\t\t<div class=\"img-mask\"><\/div>\r\n\r\n\t\t\t\t\t\t\r\n\t\t\t<div class=\"zpd-event-details\">\r\n\t\t\t\t<ul class=\"zpd-eventlist\">\r\n\r\n\t\t\t\t\t<li>\r\n\t\t\t\t\t\t\t\t\t\t\t\t<p class=\"event-location\">\r\n\t\t\t\t\t\t\t<i class=\"fa fa-map-marker-alt\"><\/i>\r\n\t\t\t\t\t\t\tDrozdovo, Slova\u010dka\t\t\t\t\t\t<\/p>\r\n\t\t\t\t\t<\/li>\r\n\t\t\t\t\t\r\n\t\t\t\t\t\t\t\t\t\t<li>\r\n\t\t\t\t\t\t<p class=\"event-date\">\r\n\t\t\t\t\t\t\t<i class=\"fa fa-calendar-o\"><\/i>\r\n\t\t\t\t\t\t\t18.4.2026\t\t\t\t\t\t<\/p>\r\n\t\t\t\t\t<\/li>\r\n\r\n\t\t\t\t\t\t\t\t\t\t<li>\r\n\t\t\t\t\t\t\t\t\t\t\t\t<p class=\"event-time\">\r\n\t\t\t\t\t\t\t<i class=\"fa fa-clock-o\"><\/i>\r\n\t\t\t\t\t\t\t8:00\t\t\t\t\t\t<\/p>\r\n\t\t\t\t\t<\/li>\r\n\t\t\t\t\t\r\n\t\t\t\t<\/ul>\r\n\t\t\t<\/div>\r\n\t\t\t\t\t\t\t\t\t\t\t\r\n\t\t\t<div class=\"port-dbox\">\r\n\t\t\t\t<div class=\"dbox-relative\">\r\n\t\t\t\t\t<h3>XCO Drozdovo &#8211; Slova\u010dka<\/h3>\r\n\t\t\t\t\t<div class=\"cleaboth clearfix\"><\/div>\r\n\t\t\t\t\t\t\t\t\t\t<p>\r\n\t\t\t\t\t\t\t\t\t\t\t<\/p>\r\n\r\n\t\t\t\t<\/div>\r\n\t\t\t\t<!--\/.dbox-relative-->\r\n\r\n\t\t\t<\/div>\r\n\t\t\t<!--\/.port-dbox-->\r\n\t\t<\/div>\r\n\t\t<!--\/.port-inner-->\r\n\r\n\r\n\r\n\t<\/div>\r\n\t<!--.port-item-->\r\n\r\n\t\r\n\t<div class=\"col-md-3 special-event post-1356 event type-event status-publish has-post-thumbnail hentry event_category-special-event  port-item\" id=\"post-1356\">\r\n\r\n\t\t<div class=\"port-inner\">\r\n\t\t\t<a class=\"port-link\" href=\"https:\/\/bkcromtb.hr\/en\/event\/xco-losinj-uci-class1-croatian-cup\/\"><\/a>\r\n\t\t\t<div class=\"port-box\"><\/div>\r\n\t\t\t<div class=\"port-img width-img img-bg\"\r\n\t\t\t\tstyle=\"background-image:url(https:\/\/bkcromtb.hr\/wp-content\/uploads\/2026\/03\/594357197_1480381067181544_2003944674054842754_n.webp);\"><\/div>\r\n\t\t\t<div class=\"img-mask\"><\/div>\r\n\r\n\t\t\t\t\t\t\r\n\t\t\t<div class=\"zpd-event-details\">\r\n\t\t\t\t<ul class=\"zpd-eventlist\">\r\n\r\n\t\t\t\t\t<li>\r\n\t\t\t\t\t\t\t\t\t\t\t\t<p class=\"event-location\">\r\n\t\t\t\t\t\t\t<i class=\"fa fa-map-marker-alt\"><\/i>\r\n\t\t\t\t\t\t\tMali Lo\u0161inj, \u010cikat\t\t\t\t\t\t<\/p>\r\n\t\t\t\t\t<\/li>\r\n\t\t\t\t\t\r\n\t\t\t\t\t\t\t\t\t\t<li>\r\n\t\t\t\t\t\t<p class=\"event-date\">\r\n\t\t\t\t\t\t\t<i class=\"fa fa-calendar-o\"><\/i>\r\n\t\t\t\t\t\t\t28.3.2026.\t\t\t\t\t\t<\/p>\r\n\t\t\t\t\t<\/li>\r\n\r\n\t\t\t\t\t\t\t\t\t\t<li>\r\n\t\t\t\t\t\t\t\t\t\t\t\t<p class=\"event-time\">\r\n\t\t\t\t\t\t\t<i class=\"fa fa-clock-o\"><\/i>\r\n\t\t\t\t\t\t\t8:00-16:00\t\t\t\t\t\t<\/p>\r\n\t\t\t\t\t<\/li>\r\n\t\t\t\t\t\r\n\t\t\t\t<\/ul>\r\n\t\t\t<\/div>\r\n\t\t\t\t\t\t\t\t\t\t\t\r\n\t\t\t<div class=\"port-dbox\">\r\n\t\t\t\t<div class=\"dbox-relative\">\r\n\t\t\t\t\t<h3>XCO Lo\u0161inj &#8211; UCI Class1\/Croatian CUP<\/h3>\r\n\t\t\t\t\t<div class=\"cleaboth clearfix\"><\/div>\r\n\t\t\t\t\t\t\t\t\t\t<p>\r\n\t\t\t\t\t\tSpecial Event\t\t\t\t\t<\/p>\r\n\r\n\t\t\t\t<\/div>\r\n\t\t\t\t<!--\/.dbox-relative-->\r\n\r\n\t\t\t<\/div>\r\n\t\t\t<!--\/.port-dbox-->\r\n\t\t<\/div>\r\n\t\t<!--\/.port-inner-->\r\n\r\n\r\n\r\n\t<\/div>\r\n\t<!--.port-item-->\r\n\r\n\t\r\n\t<div class=\"col-md-3 post-1389 event type-event status-publish has-post-thumbnail hentry  port-item\" id=\"post-1389\">\r\n\r\n\t\t<div class=\"port-inner\">\r\n\t\t\t<a class=\"port-link\" href=\"https:\/\/bkcromtb.hr\/en\/event\/xco-kup-hrvatske-premantura\/\"><\/a>\r\n\t\t\t<div class=\"port-box\"><\/div>\r\n\t\t\t<div class=\"port-img width-img img-bg\"\r\n\t\t\t\tstyle=\"background-image:url(https:\/\/bkcromtb.hr\/wp-content\/uploads\/2026\/03\/Snimka-zaslona-2026-03-03-120104.png);\"><\/div>\r\n\t\t\t<div class=\"img-mask\"><\/div>\r\n\r\n\t\t\t\t\t\t\r\n\t\t\t<div class=\"zpd-event-details\">\r\n\t\t\t\t<ul class=\"zpd-eventlist\">\r\n\r\n\t\t\t\t\t<li>\r\n\t\t\t\t\t\t\t\t\t\t\t\t<p class=\"event-location\">\r\n\t\t\t\t\t\t\t<i class=\"fa fa-map-marker-alt\"><\/i>\r\n\t\t\t\t\t\t\tPremantura\t\t\t\t\t\t<\/p>\r\n\t\t\t\t\t<\/li>\r\n\t\t\t\t\t\r\n\t\t\t\t\t\t\t\t\t\t<li>\r\n\t\t\t\t\t\t<p class=\"event-date\">\r\n\t\t\t\t\t\t\t<i class=\"fa fa-calendar-o\"><\/i>\r\n\t\t\t\t\t\t\t11.4.2026\t\t\t\t\t\t<\/p>\r\n\t\t\t\t\t<\/li>\r\n\r\n\t\t\t\t\t\t\t\t\t\t<li>\r\n\t\t\t\t\t\t\t\t\t\t\t\t<p class=\"event-time\">\r\n\t\t\t\t\t\t\t<i class=\"fa fa-clock-o\"><\/i>\r\n\t\t\t\t\t\t\t8:00\t\t\t\t\t\t<\/p>\r\n\t\t\t\t\t<\/li>\r\n\t\t\t\t\t\r\n\t\t\t\t<\/ul>\r\n\t\t\t<\/div>\r\n\t\t\t\t\t\t\t\t\t\t\t\r\n\t\t\t<div class=\"port-dbox\">\r\n\t\t\t\t<div class=\"dbox-relative\">\r\n\t\t\t\t\t<h3>XCO kup Hrvatske \u2013 Premantura<\/h3>\r\n\t\t\t\t\t<div class=\"cleaboth clearfix\"><\/div>\r\n\t\t\t\t\t\t\t\t\t\t<p>\r\n\t\t\t\t\t\t\t\t\t\t\t<\/p>\r\n\r\n\t\t\t\t<\/div>\r\n\t\t\t\t<!--\/.dbox-relative-->\r\n\r\n\t\t\t<\/div>\r\n\t\t\t<!--\/.port-dbox-->\r\n\t\t<\/div>\r\n\t\t<!--\/.port-inner-->\r\n\r\n\r\n\r\n\t<\/div>\r\n\t<!--.port-item-->\r\n\r\n\t\r\n\t<div class=\"col-md-3 post-1375 event type-event status-publish has-post-thumbnail hentry  port-item\" id=\"post-1375\">\r\n\r\n\t\t<div class=\"port-inner\">\r\n\t\t\t<a class=\"port-link\" href=\"https:\/\/bkcromtb.hr\/en\/event\/nacionalno-prvenstvo-u-mtb-xcm-xcp\/\"><\/a>\r\n\t\t\t<div class=\"port-box\"><\/div>\r\n\t\t\t<div class=\"port-img width-img img-bg\"\r\n\t\t\t\tstyle=\"background-image:url(https:\/\/bkcromtb.hr\/wp-content\/uploads\/2026\/03\/543124380_122148756980832064_8265481936719246747_n-e1772461742262.webp);\"><\/div>\r\n\t\t\t<div class=\"img-mask\"><\/div>\r\n\r\n\t\t\t\t\t\t\r\n\t\t\t<div class=\"zpd-event-details\">\r\n\t\t\t\t<ul class=\"zpd-eventlist\">\r\n\r\n\t\t\t\t\t<li>\r\n\t\t\t\t\t\t\t\t\t\t\t\t<p class=\"event-location\">\r\n\t\t\t\t\t\t\t<i class=\"fa fa-map-marker-alt\"><\/i>\r\n\t\t\t\t\t\t\tBeretinec \/ Vara\u017edin\t\t\t\t\t\t<\/p>\r\n\t\t\t\t\t<\/li>\r\n\t\t\t\t\t\r\n\t\t\t\t\t\t\t\t\t\t<li>\r\n\t\t\t\t\t\t<p class=\"event-date\">\r\n\t\t\t\t\t\t\t<i class=\"fa fa-calendar-o\"><\/i>\r\n\t\t\t\t\t\t\t24.5.2026.\t\t\t\t\t\t<\/p>\r\n\t\t\t\t\t<\/li>\r\n\r\n\t\t\t\t\t\t\t\t\t\t<li>\r\n\t\t\t\t\t\t\t\t\t\t\t\t<p class=\"event-time\">\r\n\t\t\t\t\t\t\t<i class=\"fa fa-clock-o\"><\/i>\r\n\t\t\t\t\t\t\t8:00\t\t\t\t\t\t<\/p>\r\n\t\t\t\t\t<\/li>\r\n\t\t\t\t\t\r\n\t\t\t\t<\/ul>\r\n\t\t\t<\/div>\r\n\t\t\t\t\t\t\t\t\t\t\t\r\n\t\t\t<div class=\"port-dbox\">\r\n\t\t\t\t<div class=\"dbox-relative\">\r\n\t\t\t\t\t<h3>Nacionalno prvenstvo u MTB XCM\/XCP<\/h3>\r\n\t\t\t\t\t<div class=\"cleaboth clearfix\"><\/div>\r\n\t\t\t\t\t\t\t\t\t\t<p>\r\n\t\t\t\t\t\t\t\t\t\t\t<\/p>\r\n\r\n\t\t\t\t<\/div>\r\n\t\t\t\t<!--\/.dbox-relative-->\r\n\r\n\t\t\t<\/div>\r\n\t\t\t<!--\/.port-dbox-->\r\n\t\t<\/div>\r\n\t\t<!--\/.port-inner-->\r\n\r\n\r\n\r\n\t<\/div>\r\n\t<!--.port-item-->\r\n\r\n\t\r\n\r\n\r\n<\/div>\r\n\r\n\r\n\r\n\r\n\t\t\t\t<\/div>\n\t\t\t\t<\/div>\n\t\t\t\t\t<\/div>\n\t\t<\/div>\n\t\t\t\t\t<\/div>\n\t\t<\/section>\n\t\t\t\t\t<\/div>\n\t\t<\/div>\n\t\t\t\t\t<\/div>\n\t\t<\/section>\n\t\t\t\t<section class=\"elementor-section elementor-top-section elementor-element elementor-element-bcedb83 elementor-section-content-middle elementor-section-boxed elementor-section-height-default elementor-section-height-default\" data-id=\"bcedb83\" data-element_type=\"section\" data-e-type=\"section\" data-settings=\"{&quot;background_background&quot;:&quot;classic&quot;}\">\n\t\t\t\t\t\t\t<div class=\"elementor-background-overlay\"><\/div>\n\t\t\t\t\t\t\t<div class=\"elementor-container elementor-column-gap-extended\">\n\t\t\t\t\t<div class=\"elementor-column elementor-col-100 elementor-top-column elementor-element elementor-element-bce884b\" data-id=\"bce884b\" data-element_type=\"column\" data-e-type=\"column\">\n\t\t\t<div class=\"elementor-widget-wrap elementor-element-populated\">\n\t\t\t\t\t\t<div class=\"elementor-element elementor-element-5d04408 elementor-widget elementor-widget-zapedah-title\" data-id=\"5d04408\" data-element_type=\"widget\" data-e-type=\"widget\" data-widget_type=\"zapedah-title.default\">\n\t\t\t\t<div class=\"elementor-widget-container\">\n\t\t\t\t\t<h2 class=\"content-title\"><span><font color=\"#ffffff\">Pozivamo te, <b>pridru\u017ei se<\/b> na\u0161em klubu te startaj ve\u0107 danas<\/font>.<\/span><\/h2>\t\t\t\t<\/div>\n\t\t\t\t<\/div>\n\t\t\t\t<div class=\"elementor-element elementor-element-6769db0 elementor-widget elementor-widget-zapedah-button\" data-id=\"6769db0\" data-element_type=\"widget\" data-e-type=\"widget\" data-widget_type=\"zapedah-button.default\">\n\t\t\t\t<div class=\"elementor-widget-container\">\n\t\t\t\t\t\t\t\r\n\t\t\t<a class=\"content-btn\" href=\"https:\/\/docs.google.com\/forms\/d\/e\/1FAIpQLSfKKMhJhBGKqhhPGWKfnuvXY8gAsUhF-AHhLZv6gRvy0WQXig\/viewform\" target=\"_blank\" rel=\"noopener\">\r\n\r\n\t\t\t\t\r\n\t\t\t\tPridru\u017ei nam se\t\t\t<\/a>\r\n\r\n\t\t\r\n\t\t\t\t\t<\/div>\n\t\t\t\t<\/div>\n\t\t\t\t\t<\/div>\n\t\t<\/div>\n\t\t\t\t\t<\/div>\n\t\t<\/section>\n\t\t\t\t<\/div>\n\t\t","protected":false},"excerpt":{"rendered":"<p>Nadolaze\u0107i Doga\u0111aji. Nadolaze\u0107i doga\u0111aji Utrke su temelj kontinuiranog napretka i provjera forme u realnim uvjetima. Nastupima na doma\u0107im i me\u0111unarodnim natjecanjima gradimo sigurnost, takti\u010dku zrelost i me\u0111unarodno iskustvo. Kroz pa\u017eljivo odabran kalendar utrka osiguravamo progresivan razvoj voza\u010da i ja\u010danje prisutnosti tima na europskoj sceni. Utrke su mjesto gdje se rad pretvara u rezultat. Preuzmi raspored doga\u0111anja All Special Event Drozdovo, &hellip;<\/p>","protected":false},"author":1,"featured_media":0,"parent":0,"menu_order":0,"comment_status":"closed","ping_status":"closed","template":"blank-builder.php","meta":{"footnotes":""},"class_list":["post-656","page","type-page","status-publish","hentry"],"_links":{"self":[{"href":"https:\/\/bkcromtb.hr\/en\/wp-json\/wp\/v2\/pages\/656","targetHints":{"allow":["GET"]}}],"collection":[{"href":"https:\/\/bkcromtb.hr\/en\/wp-json\/wp\/v2\/pages"}],"about":[{"href":"https:\/\/bkcromtb.hr\/en\/wp-json\/wp\/v2\/types\/page"}],"author":[{"embeddable":true,"href":"https:\/\/bkcromtb.hr\/en\/wp-json\/wp\/v2\/users\/1"}],"replies":[{"embeddable":true,"href":"https:\/\/bkcromtb.hr\/en\/wp-json\/wp\/v2\/comments?post=656"}],"version-history":[{"count":36,"href":"https:\/\/bkcromtb.hr\/en\/wp-json\/wp\/v2\/pages\/656\/revisions"}],"predecessor-version":[{"id":1768,"href":"https:\/\/bkcromtb.hr\/en\/wp-json\/wp\/v2\/pages\/656\/revisions\/1768"}],"wp:attachment":[{"href":"https:\/\/bkcromtb.hr\/en\/wp-json\/wp\/v2\/media?parent=656"}],"curies":[{"name":"wp","href":"https:\/\/api.w.org\/{rel}","templated":true}]}}