{"id":1773,"date":"2026-03-16T15:32:46","date_gmt":"2026-03-16T14:32:46","guid":{"rendered":"https:\/\/bkcromtb.hr\/?page_id=1773"},"modified":"2026-03-23T16:31:47","modified_gmt":"2026-03-23T15:31:47","slug":"perica-kisicek","status":"publish","type":"page","link":"https:\/\/bkcromtb.hr\/en\/nas-tim\/perica-kisicek\/","title":{"rendered":"Perica Ki\u0161i\u010dek"},"content":{"rendered":"<div data-elementor-type=\"wp-page\" data-elementor-id=\"1773\" class=\"elementor elementor-1773\">\n\t\t\t\t<div class=\"elementor-element elementor-element-31df34ce e-flex e-con-boxed e-con e-parent\" data-id=\"31df34ce\" data-element_type=\"container\" data-e-type=\"container\">\n\t\t\t\t\t<div class=\"e-con-inner\">\n\t\t<div class=\"elementor-element elementor-element-5a5f204 e-con-full e-flex e-con e-child\" data-id=\"5a5f204\" data-element_type=\"container\" data-e-type=\"container\">\n\t\t\t\t<div class=\"elementor-element elementor-element-89a7615 elementor-widget elementor-widget-zapedah-title\" data-id=\"89a7615\" data-element_type=\"widget\" data-e-type=\"widget\" data-widget_type=\"zapedah-title.default\">\n\t\t\t\t<div class=\"elementor-widget-container\">\n\t\t\t\t\t<h2 class=\"content-title\">Perica Ki\u0161i\u010dek\n<span style=\"font-size:1.55rem;\">M.Sc. in Kinesiology<\/span><\/h2>\t\t\t\t<\/div>\n\t\t\t\t<\/div>\n\t\t\t\t<div class=\"elementor-element elementor-element-e19aa2f elementor-widget elementor-widget-heading\" data-id=\"e19aa2f\" data-element_type=\"widget\" data-e-type=\"widget\" data-widget_type=\"heading.default\">\n\t\t\t\t\t<h3 class=\"elementor-heading-title elementor-size-default\">Coach - CRO MTB Academy<\/h3>\t\t\t\t<\/div>\n\t\t\t\t<\/div>\n\t\t\t\t<div class=\"elementor-element elementor-element-5a155f72 elementor-widget elementor-widget-text-editor\" data-id=\"5a155f72\" data-element_type=\"widget\" data-e-type=\"widget\" data-widget_type=\"text-editor.default\">\n\t\t\t\t\t\t\t\t\t<div><p data-ogsc=\"black\" data-olk-copy-source=\"MessageBody\">Perica is a Master of Kinesiology and a cycling coach with more than 15 years of experience in endurance sports, with a particular focus on the development of mountain biking and structured work with young athletes. He holds international coaching qualifications, including the<span data-ogsc=\"\">\u00a0<\/span><strong data-ogsc=\"\">UCI Level 1 Cycling Coach<\/strong><span data-ogsc=\"\">\u00a0<\/span>and the<span data-ogsc=\"\">\u00a0<\/span><strong data-ogsc=\"\">Cyclo-Cross (CX) Level 2 certificate<\/strong>, confirming his expertise in training planning and athlete development in line with modern training methodologies.<\/p><p data-ogsc=\"black\">Through years of coaching, he has developed numerous successful athletes, including<span data-ogsc=\"\">\u00a0<\/span><strong data-ogsc=\"\">national champions across all competitive categories from U15 to Elite<\/strong>, making a significant contribution to the development of cycling and the creation of a new generation of competitors.<\/p><p data-ogsc=\"black\">In<span data-ogsc=\"\">\u00a0<\/span><strong data-ogsc=\"\">2020, he served as Head Coach of the Croatian National Triathlon Team<\/strong>where he was responsible for coordinating the national program, athlete development, and participation in international competitions.<\/p><p data-ogsc=\"black\">Alongside his coaching career, Perica has also competed in<span data-ogsc=\"\">\u00a0<\/span><strong data-ogsc=\"\">triathlon and mountain biking<\/strong>, in<span data-ogsc=\"\">\u00a0<\/span><strong data-ogsc=\"\">both Elite and masters categories<\/strong>, achieving a number of notable results and frequently reaching the podium. His hands-on competitive experience further enhances the quality of his work with athletes.<\/p><p data-ogsc=\"black\">In his work, he strongly promotes sport as a way of life, with a particular emphasis on youth development, coach education, and building a high-quality sports system that enables the long-term development of elite athletes at the international level.<\/p><\/div><div>\u00a0<\/div><div>\u00a0<\/div><div><div dir=\"ltr\" data-smartmail=\"gmail_signature\"><div dir=\"ltr\"><p><b>Perica Ki\u0161i\u010dek, M.Sc. in Kinesiology<br \/>Vice President \u2013 CRO MTB Academy<br \/>Coach - CRO MTB Academy<\/b><\/p><p><strong>Tel: +385 95 885 9154<\/strong><\/p><\/div><\/div><\/div><p><!-- \/wp:paragraph --><\/p>\t\t\t\t\t\t\t\t<\/div>\n\t\t\t\t\t<\/div>\n\t\t\t\t<\/div>\n\t\t\t\t<\/div>","protected":false},"excerpt":{"rendered":"<p>Perica Ki\u0161i\u010dek mag. kineziologije Glavni trener BK CRO MTB Perica je magistar kineziologije i biciklisti\u010dki trener s vi\u0161e od 15 godina iskustva u sportovima izdr\u017eljivosti, s posebnim fokusom na razvoj brdskog biciklizma i sustavan rad s mladim sporta\u0161ima. Nositelj je me\u0111unarodnih trenerskih kvalifikacija\u00a0UCI Level 1 Cycling Coach\u00a0te\u00a0Cyclo-Cross (CX) Level 2 certifikata, \u0161to potvr\u0111uje njegovu stru\u010dnost u planiranju treninga i razvoju &hellip;<\/p>","protected":false},"author":2,"featured_media":1072,"parent":615,"menu_order":0,"comment_status":"closed","ping_status":"closed","template":"","meta":{"footnotes":""},"class_list":["post-1773","page","type-page","status-publish","has-post-thumbnail","hentry"],"_links":{"self":[{"href":"https:\/\/bkcromtb.hr\/en\/wp-json\/wp\/v2\/pages\/1773","targetHints":{"allow":["GET"]}}],"collection":[{"href":"https:\/\/bkcromtb.hr\/en\/wp-json\/wp\/v2\/pages"}],"about":[{"href":"https:\/\/bkcromtb.hr\/en\/wp-json\/wp\/v2\/types\/page"}],"author":[{"embeddable":true,"href":"https:\/\/bkcromtb.hr\/en\/wp-json\/wp\/v2\/users\/2"}],"replies":[{"embeddable":true,"href":"https:\/\/bkcromtb.hr\/en\/wp-json\/wp\/v2\/comments?post=1773"}],"version-history":[{"count":7,"href":"https:\/\/bkcromtb.hr\/en\/wp-json\/wp\/v2\/pages\/1773\/revisions"}],"predecessor-version":[{"id":1790,"href":"https:\/\/bkcromtb.hr\/en\/wp-json\/wp\/v2\/pages\/1773\/revisions\/1790"}],"up":[{"embeddable":true,"href":"https:\/\/bkcromtb.hr\/en\/wp-json\/wp\/v2\/pages\/615"}],"wp:featuredmedia":[{"embeddable":true,"href":"https:\/\/bkcromtb.hr\/en\/wp-json\/wp\/v2\/media\/1072"}],"wp:attachment":[{"href":"https:\/\/bkcromtb.hr\/en\/wp-json\/wp\/v2\/media?parent=1773"}],"curies":[{"name":"wp","href":"https:\/\/api.w.org\/{rel}","templated":true}]}}