{"id":1441,"date":"2026-03-03T14:41:41","date_gmt":"2026-03-03T13:41:41","guid":{"rendered":"https:\/\/staging.cromtb.s2internal.com\/?page_id=1441"},"modified":"2026-03-13T11:45:36","modified_gmt":"2026-03-13T10:45:36","slug":"luka-dragicevic","status":"publish","type":"page","link":"https:\/\/bkcromtb.hr\/en\/nas-tim\/luka-dragicevic\/","title":{"rendered":"Dragi\u010devi\u0107"},"content":{"rendered":"<div data-elementor-type=\"wp-page\" data-elementor-id=\"1441\" class=\"elementor elementor-1441\">\n\t\t\t\t<div class=\"elementor-element elementor-element-5e078b2c e-con-full e-flex e-con e-parent\" data-id=\"5e078b2c\" data-element_type=\"container\" data-e-type=\"container\">\n\t\t<div class=\"elementor-element elementor-element-2e9708a e-flex e-con-boxed e-con e-child\" data-id=\"2e9708a\" data-element_type=\"container\" data-e-type=\"container\">\n\t\t\t\t\t<div class=\"e-con-inner\">\n\t\t\t\t<div class=\"elementor-element elementor-element-4631018 elementor-widget elementor-widget-heading\" data-id=\"4631018\" data-element_type=\"widget\" data-e-type=\"widget\" data-widget_type=\"heading.default\">\n\t\t\t\t\t<h2 class=\"elementor-heading-title elementor-size-default\">LUKA DRAGI\u010cEVI\u0106 2009 - 1st Year Cadet<\/h2>\t\t\t\t<\/div>\n\t\t\t\t\t<\/div>\n\t\t\t\t<\/div>\n\t\t\t\t<div class=\"elementor-element elementor-element-13354262 elementor-widget elementor-widget-text-editor\" data-id=\"13354262\" data-element_type=\"widget\" data-e-type=\"widget\" data-widget_type=\"text-editor.default\">\n\t\t\t\t\t\t\t\t\t<p>Nacionalni prvak XCC 2025.<\/p>\n<p>Nacionalni prvak MTB uspon 2025.<\/p>\n<p>Najbolji MTB voza\u010d Hrvatske U15 2025.\u00a0<\/p>\n<p><!-- \/wp:paragraph --><!-- wp:paragraph --><\/p>\n<p>Winner of the Croatian Cup - 2025\u00a0<\/p>\n<p><!-- \/wp:paragraph --><!-- wp:paragraph --><\/p>\n<p>Winner - XCO Kamnik 2025 (Slovenia)\u00a0<\/p>\n<p><!-- \/wp:paragraph --><!-- wp:paragraph --><\/p>\n<p>Vice Champion - XCO Ottenschlag 2025 (Austria)\u00a0<\/p>\n<p><!-- \/wp:paragraph --><!-- wp:paragraph --><\/p>\n<p>Vice Champion - XCC Stattegg 2025 (Austria)\u00a0<\/p>\n<p><!-- \/wp:paragraph --><!-- wp:paragraph --><\/p>\n<p>Member of the Croatian National Team - 2025<\/p>\n<p><!-- \/wp:paragraph --><\/p>\t\t\t\t\t\t\t\t<\/div>\n\t\t\t\t<\/div>\n\t\t<div class=\"elementor-element elementor-element-2459e36 e-flex e-con-boxed e-con e-parent\" data-id=\"2459e36\" data-element_type=\"container\" data-e-type=\"container\">\n\t\t\t\t\t<div class=\"e-con-inner\">\n\t\t\t\t<div class=\"elementor-element elementor-element-2d7b1c5 elementor-widget elementor-widget-video\" data-id=\"2d7b1c5\" data-element_type=\"widget\" data-e-type=\"widget\" data-settings=\"{&quot;youtube_url&quot;:&quot;https:\\\/\\\/www.youtube.com\\\/watch?v=MTa2AA_NzJE&quot;,&quot;video_type&quot;:&quot;youtube&quot;,&quot;controls&quot;:&quot;yes&quot;}\" data-widget_type=\"video.default\">\n\t\t\t\t\t\t\t<div class=\"elementor-wrapper elementor-open-inline\">\n\t\t\t<div class=\"elementor-video\"><\/div>\t\t<\/div>\n\t\t\t\t\t\t<\/div>\n\t\t\t\t\t<\/div>\n\t\t\t\t<\/div>\n\t\t<div class=\"elementor-element elementor-element-393c8d9 e-flex e-con-boxed e-con e-parent\" data-id=\"393c8d9\" data-element_type=\"container\" data-e-type=\"container\">\n\t\t\t\t\t<div class=\"e-con-inner\">\n\t\t\t\t\t<\/div>\n\t\t\t\t<\/div>\n\t\t\t\t<\/div>","protected":false},"excerpt":{"rendered":"<p>LUKA DRAGI\u010cEVI\u0106 2009. (I. godina Kadet) Nacionalni prvak XCC 2025. Nacionalni prvak MTB uspon 2025. Najbolji MTB voza\u010d Hrvatske U15 2025.\u00a0 Pobjednik Kupa HR 2025.\u00a0 Pobjednik XCO Kamnik 2025 SLO\u00a0 Vice Prvak XCO Ottenschlag 2025. AUT\u00a0 Vice Prvak XCC Statteg 2025. AUT\u00a0 Stalni \u010dlan nacionalne ekipe 2025. https:\/\/www.youtube.com\/watch?v=MTa2AA_NzJE<\/p>","protected":false},"author":1,"featured_media":1442,"parent":615,"menu_order":0,"comment_status":"closed","ping_status":"closed","template":"","meta":{"footnotes":""},"class_list":["post-1441","page","type-page","status-publish","has-post-thumbnail","hentry"],"_links":{"self":[{"href":"https:\/\/bkcromtb.hr\/en\/wp-json\/wp\/v2\/pages\/1441","targetHints":{"allow":["GET"]}}],"collection":[{"href":"https:\/\/bkcromtb.hr\/en\/wp-json\/wp\/v2\/pages"}],"about":[{"href":"https:\/\/bkcromtb.hr\/en\/wp-json\/wp\/v2\/types\/page"}],"author":[{"embeddable":true,"href":"https:\/\/bkcromtb.hr\/en\/wp-json\/wp\/v2\/users\/1"}],"replies":[{"embeddable":true,"href":"https:\/\/bkcromtb.hr\/en\/wp-json\/wp\/v2\/comments?post=1441"}],"version-history":[{"count":34,"href":"https:\/\/bkcromtb.hr\/en\/wp-json\/wp\/v2\/pages\/1441\/revisions"}],"predecessor-version":[{"id":1718,"href":"https:\/\/bkcromtb.hr\/en\/wp-json\/wp\/v2\/pages\/1441\/revisions\/1718"}],"up":[{"embeddable":true,"href":"https:\/\/bkcromtb.hr\/en\/wp-json\/wp\/v2\/pages\/615"}],"wp:featuredmedia":[{"embeddable":true,"href":"https:\/\/bkcromtb.hr\/en\/wp-json\/wp\/v2\/media\/1442"}],"wp:attachment":[{"href":"https:\/\/bkcromtb.hr\/en\/wp-json\/wp\/v2\/media?parent=1441"}],"curies":[{"name":"wp","href":"https:\/\/api.w.org\/{rel}","templated":true}]}}