{"id":1428,"date":"2026-03-03T14:28:30","date_gmt":"2026-03-03T13:28:30","guid":{"rendered":"https:\/\/staging.cromtb.s2internal.com\/?page_id=1428"},"modified":"2026-03-17T12:40:35","modified_gmt":"2026-03-17T11:40:35","slug":"luka-kisicek","status":"publish","type":"page","link":"https:\/\/bkcromtb.hr\/en\/nas-tim\/luka-kisicek\/","title":{"rendered":"Luka Ki\u0161i\u010dek"},"content":{"rendered":"<div data-elementor-type=\"wp-page\" data-elementor-id=\"1428\" class=\"elementor elementor-1428\">\n\t\t\t\t<div class=\"elementor-element elementor-element-31df34ce e-flex e-con-boxed e-con e-parent\" data-id=\"31df34ce\" data-element_type=\"container\" data-e-type=\"container\">\n\t\t\t\t\t<div class=\"e-con-inner\">\n\t\t<div class=\"elementor-element elementor-element-5a5f204 e-con-full e-flex e-con e-child\" data-id=\"5a5f204\" data-element_type=\"container\" data-e-type=\"container\">\n\t\t\t\t<div class=\"elementor-element elementor-element-33fec95 elementor-widget elementor-widget-heading\" data-id=\"33fec95\" data-element_type=\"widget\" data-e-type=\"widget\" data-widget_type=\"heading.default\">\n\t\t\t\t\t<h2 class=\"elementor-heading-title elementor-size-default\">LUKA RAFAEL KI\u0160I\u010cEK 2010 - 2nd Year Cadet<\/h2>\t\t\t\t<\/div>\n\t\t\t\t<\/div>\n\t\t\t\t<div class=\"elementor-element elementor-element-5a155f72 elementor-widget elementor-widget-text-editor\" data-id=\"5a155f72\" data-element_type=\"widget\" data-e-type=\"widget\" data-widget_type=\"text-editor.default\">\n\t\t\t\t\t\t\t\t\t<p><!-- \/wp:paragraph --><!-- wp:paragraph --><\/p>\n<p>Aktualni dr\u017eavni XCO prvak!\u00a0<\/p>\n<p><!-- \/wp:paragraph --><!-- wp:paragraph --><\/p>\n<p>Winner - International XCO Chelva 2026 (Spain)<\/p>\n<p><!-- \/wp:paragraph --><!-- wp:paragraph --><\/p>\n<p>Dr\u017eavni prvak 6x\u00a0<\/p>\n<p><!-- \/wp:paragraph --><!-- wp:paragraph --><\/p>\n<p>Najbolji MTB voza\u010d HR 2024.<\/p>\n<p><!-- \/wp:paragraph --><!-- wp:paragraph --><\/p>\n<p>Pobjednik SLO Kupa Kamnik 2024. i Ko\u010devje 2024.<\/p>\n<p><!-- \/wp:paragraph --><!-- wp:paragraph --><\/p>\n<p>Top 5 - ITA Montello<\/p>\n<p><!-- \/wp:paragraph --><!-- wp:paragraph --><\/p>\n<p>Top 5 - AUT Stattegg\u00a0<\/p>\n<p><!-- \/wp:paragraph --><!-- wp:paragraph --><\/p>\n<p>10+ victories at national or higher-level races<\/p>\n<p><!-- \/wp:paragraph --><!-- wp:paragraph --><\/p>\n<p>Member of the Croatian National Team - 2024 &amp; 2025<\/p>\n<p><!-- \/wp:paragraph --><\/p>\t\t\t\t\t\t\t\t<\/div>\n\t\t\t\t\t<\/div>\n\t\t\t\t<\/div>\n\t\t<div class=\"elementor-element elementor-element-a138821 e-flex e-con-boxed e-con e-parent\" data-id=\"a138821\" data-element_type=\"container\" data-e-type=\"container\">\n\t\t\t\t\t<div class=\"e-con-inner\">\n\t\t\t\t<div class=\"elementor-element elementor-element-d514dba elementor-widget elementor-widget-video\" data-id=\"d514dba\" data-element_type=\"widget\" data-e-type=\"widget\" data-settings=\"{&quot;youtube_url&quot;:&quot;https:\\\/\\\/youtu.be\\\/d4j-C45ln8I&quot;,&quot;video_type&quot;:&quot;youtube&quot;,&quot;controls&quot;:&quot;yes&quot;}\" data-widget_type=\"video.default\">\n\t\t\t\t\t\t\t<div class=\"elementor-wrapper elementor-open-inline\">\n\t\t\t<div class=\"elementor-video\"><\/div>\t\t<\/div>\n\t\t\t\t\t\t<\/div>\n\t\t\t\t\t<\/div>\n\t\t\t\t<\/div>\n\t\t\t\t<\/div>","protected":false},"excerpt":{"rendered":"<p>LUKA RAFAEL KI\u0160I\u010cEK 2010. (II. godina Kadet) Aktualni dr\u017eavni XCO prvak!\u00a0 Pobjednik International XCO Chelva 2026 (SPAIN) Dr\u017eavni prvak 6x\u00a0 Najbolji MTB voza\u010d HR 2024. Pobjednik SLO Kupa Kamnik 2024. i Ko\u010devje 2024. Top 5 \u00a0Ita &#8211; Montello Top 5 AUT &#8211; Statteg\u00a0 Won 10+ National or Higher Races Stalni \u010dlan nacionalne ekipe 2024. i 2025. https:\/\/youtu.be\/d4j-C45ln8I<\/p>","protected":false},"author":1,"featured_media":1429,"parent":615,"menu_order":0,"comment_status":"closed","ping_status":"closed","template":"","meta":{"footnotes":""},"class_list":["post-1428","page","type-page","status-publish","has-post-thumbnail","hentry"],"_links":{"self":[{"href":"https:\/\/bkcromtb.hr\/en\/wp-json\/wp\/v2\/pages\/1428","targetHints":{"allow":["GET"]}}],"collection":[{"href":"https:\/\/bkcromtb.hr\/en\/wp-json\/wp\/v2\/pages"}],"about":[{"href":"https:\/\/bkcromtb.hr\/en\/wp-json\/wp\/v2\/types\/page"}],"author":[{"embeddable":true,"href":"https:\/\/bkcromtb.hr\/en\/wp-json\/wp\/v2\/users\/1"}],"replies":[{"embeddable":true,"href":"https:\/\/bkcromtb.hr\/en\/wp-json\/wp\/v2\/comments?post=1428"}],"version-history":[{"count":14,"href":"https:\/\/bkcromtb.hr\/en\/wp-json\/wp\/v2\/pages\/1428\/revisions"}],"predecessor-version":[{"id":1783,"href":"https:\/\/bkcromtb.hr\/en\/wp-json\/wp\/v2\/pages\/1428\/revisions\/1783"}],"up":[{"embeddable":true,"href":"https:\/\/bkcromtb.hr\/en\/wp-json\/wp\/v2\/pages\/615"}],"wp:featuredmedia":[{"embeddable":true,"href":"https:\/\/bkcromtb.hr\/en\/wp-json\/wp\/v2\/media\/1429"}],"wp:attachment":[{"href":"https:\/\/bkcromtb.hr\/en\/wp-json\/wp\/v2\/media?parent=1428"}],"curies":[{"name":"wp","href":"https:\/\/api.w.org\/{rel}","templated":true}]}}