{"id":1406,"date":"2026-03-03T13:12:04","date_gmt":"2026-03-03T12:12:04","guid":{"rendered":"https:\/\/staging.cromtb.s2internal.com\/?page_id=1406"},"modified":"2026-03-17T12:40:14","modified_gmt":"2026-03-17T11:40:14","slug":"leon-kisicek","status":"publish","type":"page","link":"https:\/\/bkcromtb.hr\/en\/nas-tim\/leon-kisicek\/","title":{"rendered":"Leon Ki\u0161i\u010dek"},"content":{"rendered":"<div data-elementor-type=\"wp-page\" data-elementor-id=\"1406\" class=\"elementor elementor-1406\">\n\t\t\t\t<div class=\"elementor-element elementor-element-4ae5e1d5 e-flex e-con-boxed e-con e-parent\" data-id=\"4ae5e1d5\" data-element_type=\"container\" data-e-type=\"container\">\n\t\t\t\t\t<div class=\"e-con-inner\">\n\t\t<div class=\"elementor-element elementor-element-0159987 e-con-full e-flex e-con e-child\" data-id=\"0159987\" data-element_type=\"container\" data-e-type=\"container\">\n\t\t\t\t<div class=\"elementor-element elementor-element-164fc0d elementor-widget elementor-widget-heading\" data-id=\"164fc0d\" data-element_type=\"widget\" data-e-type=\"widget\" data-widget_type=\"heading.default\">\n\t\t\t\t\t<h2 class=\"elementor-heading-title elementor-size-default\">LEON GABRIEL KI\u0160I\u010cEK 2009 - 1st Year Junior<\/h2>\t\t\t\t<\/div>\n\t\t\t\t<\/div>\n\t\t\t\t<div class=\"elementor-element elementor-element-14a49892 elementor-widget elementor-widget-text-editor\" data-id=\"14a49892\" data-element_type=\"widget\" data-e-type=\"widget\" data-widget_type=\"text-editor.default\">\n\t\t\t\t\t\t\t\t\t<p>MTB XCO voza\u010d.<\/p>\n<p><!-- \/wp:paragraph --><!-- wp:paragraph --><\/p>\n<p>Najbolji MTB voza\u010d Hrvatske 2022.-2023.-2024.-2025.<\/p>\n<p><!-- \/wp:paragraph --><!-- wp:paragraph --><\/p>\n<p>16\u00d7 Croatian National Champion across six different MTB and road cycling disciplines<\/p>\n<p><!-- \/wp:paragraph --><!-- wp:paragraph --><\/p>\n<p>Dobitnik Marin \u010cili\u0107 stipendije 2024 i 2025.\u00a0<\/p>\n<p><!-- \/wp:paragraph --><!-- wp:paragraph --><\/p>\n<p>Top 5 - ITA Montello 2025<\/p>\n<p><!-- \/wp:paragraph --><!-- wp:paragraph --><\/p>\n<p>Top 3 - AUT Stattegg 2025<\/p>\n<p><!-- \/wp:paragraph --><!-- wp:paragraph --><\/p>\n<p>Winner - SLO X Cup 2025 (Golovec)<\/p>\n<p><!-- \/wp:paragraph --><!-- wp:paragraph --><\/p>\n<p>50+ victories at national or higher-level races<\/p>\n<p><!-- \/wp:paragraph --><!-- wp:paragraph --><\/p>\n<p>Member of the Croatian National Team - 2024 &amp; 2025<\/p>\n<p><!-- \/wp:paragraph --><!-- wp:paragraph --><\/p>\n<p><strong>Team Captain<\/strong><\/p>\n<p><!-- \/wp:paragraph --><!-- wp:paragraph --><\/p>\n<p><!-- \/wp:paragraph --><\/p>\t\t\t\t\t\t\t\t<\/div>\n\t\t\t\t\t<\/div>\n\t\t\t\t<\/div>\n\t\t<div class=\"elementor-element elementor-element-726e083 e-flex e-con-boxed e-con e-parent\" data-id=\"726e083\" data-element_type=\"container\" data-e-type=\"container\">\n\t\t\t\t\t<div class=\"e-con-inner\">\n\t\t\t\t<div class=\"elementor-element elementor-element-bf8a171 elementor-widget elementor-widget-video\" data-id=\"bf8a171\" data-element_type=\"widget\" data-e-type=\"widget\" data-settings=\"{&quot;youtube_url&quot;:&quot;https:\\\/\\\/youtu.be\\\/8U-Nyzl4AvQ&quot;,&quot;video_type&quot;:&quot;youtube&quot;,&quot;controls&quot;:&quot;yes&quot;}\" data-widget_type=\"video.default\">\n\t\t\t\t\t\t\t<div class=\"elementor-wrapper elementor-open-inline\">\n\t\t\t<div class=\"elementor-video\"><\/div>\t\t<\/div>\n\t\t\t\t\t\t<\/div>\n\t\t\t\t\t<\/div>\n\t\t\t\t<\/div>\n\t\t\t\t<\/div>","protected":false},"excerpt":{"rendered":"<p>LEON GABRIEL KI\u0160I\u010cEK 2009 (1. godina Junior) MTB XCO voza\u010d. Najbolji MTB voza\u010d Hrvatske 2022.-2023.-2024.-2025. 16 x Drzavni prvak u 6 razli\u010ditih MTB i cestovne discipline Dobitnik Marin \u010cili\u0107 stipendije 2024 i 2025.\u00a0 Top 5 ITA Montello 2025. Top 3 AUT Statteg 2025. Winner SLO X CUP 2025 Golovec. Won 50+ National or Higher races Stalni \u010dlan nacionalne ekipe 2024. &hellip;<\/p>","protected":false},"author":1,"featured_media":1425,"parent":615,"menu_order":0,"comment_status":"closed","ping_status":"closed","template":"","meta":{"footnotes":""},"class_list":["post-1406","page","type-page","status-publish","has-post-thumbnail","hentry"],"_links":{"self":[{"href":"https:\/\/bkcromtb.hr\/en\/wp-json\/wp\/v2\/pages\/1406","targetHints":{"allow":["GET"]}}],"collection":[{"href":"https:\/\/bkcromtb.hr\/en\/wp-json\/wp\/v2\/pages"}],"about":[{"href":"https:\/\/bkcromtb.hr\/en\/wp-json\/wp\/v2\/types\/page"}],"author":[{"embeddable":true,"href":"https:\/\/bkcromtb.hr\/en\/wp-json\/wp\/v2\/users\/1"}],"replies":[{"embeddable":true,"href":"https:\/\/bkcromtb.hr\/en\/wp-json\/wp\/v2\/comments?post=1406"}],"version-history":[{"count":17,"href":"https:\/\/bkcromtb.hr\/en\/wp-json\/wp\/v2\/pages\/1406\/revisions"}],"predecessor-version":[{"id":1782,"href":"https:\/\/bkcromtb.hr\/en\/wp-json\/wp\/v2\/pages\/1406\/revisions\/1782"}],"up":[{"embeddable":true,"href":"https:\/\/bkcromtb.hr\/en\/wp-json\/wp\/v2\/pages\/615"}],"wp:featuredmedia":[{"embeddable":true,"href":"https:\/\/bkcromtb.hr\/en\/wp-json\/wp\/v2\/media\/1425"}],"wp:attachment":[{"href":"https:\/\/bkcromtb.hr\/en\/wp-json\/wp\/v2\/media?parent=1406"}],"curies":[{"name":"wp","href":"https:\/\/api.w.org\/{rel}","templated":true}]}}